{"id":2675,"date":"2020-02-24T11:57:58","date_gmt":"2020-02-24T10:57:58","guid":{"rendered":"https:\/\/stalbrouwerauctions.com\/youngster-christmas-auction-conditions-dutch\/"},"modified":"2020-02-24T11:57:59","modified_gmt":"2020-02-24T10:57:59","slug":"youngster-christmas-auction-conditions-dutch","status":"publish","type":"page","link":"https:\/\/stalbrouwerauctions.com\/en\/youngster-christmas-auction-conditions-dutch\/","title":{"rendered":"Youngster Christmas Auction Conditions (Dutch)"},"content":{"rendered":"<div class=\"wpb-content-wrapper\">[vc_row padding_top_multiplier=&#8221;2x&#8221; padding_bottom_multiplier=&#8221;&#8221; columns_gap=&#8221;60&#8243;][vc_column]<h1 class=\"grve-element grve-title grve-align-left grve-h1\" style=\"\"><span>Youngster Christmas Auction Conditions (Dutch)<\/span><\/h1>[vc_column_text]\n<h4>1. ALGEMEEN<\/h4>\n<p>1.1 Deze veilingvoorwaarden zijn van toepassing op alle overeenkomsten gesloten op de veiling tussen koper en verkoper met betrekking tot via de organisatie op de veiling aangeboden paarden, alsmede alle overeenkomsten die daaruit voortvloeien.<br \/>\n1.2 Stal Brouwer Auctions (hierna te noemen \u201cde organisatie\u201d) organiseert in haar functie als bemiddelaar tussen verkoper en koper de Youngster Christmas Auction (hierna te noemen \u201cde veiling\u201d).<br \/>\n1.3 Op deze veilingvoorwaarden is uitsluitend Nederlands recht van toepassing, met algehele uitsluiting van het Weens Koopverdrag (CISG).<br \/>\n1.4 De veilingvoorwaarden zijn opgenomen op de website, alsmede afgedrukt in de catalogus.<br \/>\n1.5 De veiling wordt georganiseerd door de stichting ten overstaan van een door de stichting aangewezen notaris.<br \/>\n1.6 Aan de in artikel 2 van deze veilingvoorwaarden met hoofdletters aangegeven begrippen komt in deze veilingvoorwaarden de daarachter vermelde betekenis toe.<\/p>\n<h4>2. BEGRIPPEN<\/h4>\n<p>a. ORGANISATIE: Stal Brouwer Auctions<br \/>\nb. KOPER: Natuurlijk persoon of rechtspersoon die als koper optreedt bij een overeenkomst van koop en verkoop van een paard tijdens de Youngster Christmas Auction.<br \/>\nc. VERKOPER: Natuurlijk persoon of rechtspersoon die als verkoper optreedt bij een overeenkomst van koop en verkoop van een paard tijdens de Youngster Christmas Auction.<br \/>\nd. NOTARIS: De notaris ten overstaan van wie de Youngster Christmas Auction plaatsvindt.<br \/>\ne. VEILINGMEESTER: Een door de organisatie aangewezen veilingmeester die de veiling leidt.<br \/>\nf. PAARD: een door de organisatie aangewezen paard dat als rijpaard wordt geveild.<br \/>\ng. VEILINGCOMMISSIE: Commissie die door de organisatie wordt belast met het organiseren van de Youngster Christmas Auction.<br \/>\nh. REGISTRATIEBEWIJS: Eigendomsbewijs van betreffend paard, welke voorafgaand aan de veiling wordt afgegeven aan de organisatie.<\/p>\n<h4>3. WIJZE VAN VEILEN<\/h4>\n<p>3.1 De paarden worden per opbod in Euro\u2019s verkocht, met een minimale inzet van \u20ac 4.000,-. De aanbieding van de te veilen paarden wijkt af van de veilingvolgorde. De offici\u00eble veilingvolgorde wordt bekend gemaakt voor aanvang van de veiling op 21 december 2019.<\/p>\n<p>3.2 Het bieden geschiedt op een door de veilingmeester te bepalen wijze die voorafgaand aan de veiling door de veilingmeester bekend zal worden gemaakt. De organisatie c.q. de veilingmeester behoudt zich het recht voor om zonder opgave van redenen een bieder te weigeren.<\/p>\n<p>3.3 Iedere bieder wordt geacht voor zichzelf te bieden en is aan zijn bod gebonden totdat een hoger bod wordt geaccepteerd. Wanneer wordt geboden\/gekocht in opdracht van een derde, is de bieder\/koper \u2013 naast zijn eventuele opdracht\/lastgever \u2013 hoofdelijke aansprakelijk voor alle verplichtingen die voortvloeien uit het ter veiling bieden\/kopen. Iedere bieder\/koper moet zich op verzoek van de organisatie en\/of veilingmeester en\/of de notaris kunnen legitimeren met een wettelijk en geldig legitimatiebewijs. Blijkt de bieder\/koper zich op eerste verzoek niet aldus te kunnen of willen legitimeren, dan is de notaris gerechtigd om het hierna in artikel 3.4 bepaalde dat als een geschil aan te merken en op grond daarvan bindend te beslissen, waaronder ook begrepen dat de bieding\/koop als ongeldig\/niet tot stand gekomen kan worden verklaard en \u2013 zo nog mogelijk \u2013 het paard opnieuw kan worden geveild.<\/p>\n<p>3.4 Telefonisch bieden tijdens de veiling is mogelijk, mits er voorafgaande \u20ac 1000,00 als borgstelling is ontvangen op de bankrekening van Stal Brouwer Auctions. Voor meer informatie over telefonisch bieden kunt u contact opnemen met Leo Brouwer (06-12720084) of Marthijs Brouwer (06-30551138).<\/p>\n<p>3.5. De notaris constateert en legt, voor zover nodig, feiten vast, die zich tijdens de veiling voordoen. Eventuele geschillen die daarop betrekking hebben worden door de notaris op grond van zijn constateringen en vastleggingen bindend beslist, ter plaatse, tijdens de veiling of direct daarop volgend.<\/p>\n<p>3.6 Indien de veilingmeester zich heeft vergist, heeft hij het recht zijn vergissing te herstellen, zonder dat dit leidt tot enige aansprakelijkheid.<\/p>\n<p>3.7 Tijdens de veiling zullen de door de organisatie geselecteerde paarden aan de hand, los en\/of onder zadel voorgesteld worden. De rol van de organisatie is beperkt tot het bieden van een platform, waar potenti\u00eble kopers de mogelijkheid krijgen om direct van de eigenaar de betreffende paarden te kopen.<\/p>\n<p>3.8 De paarden worden verkocht in de staat en toestand waarin deze zich tijdens de veiling bevinden. De paarden die via de veiling verkocht worden, zijn ten laatste 6 maanden voorafgaande aan de veiling r\u00f6ntgenologisch gekeurd. Voorafgaand aan de veiling ondergaan alle paarden een verkort klinisch onderzoek.<br \/>\nDe rapporten en foto\u2019s van de te veilen paarden zijn voorafgaand aan de veiling in te zien op het secretariaat. Tevens is er tijdens de veiling een dierenarts aanwezig om desgewenst een toelichting te geven op het rapport en\/of de foto\u2019s.<\/p>\n<h4>4. AANSPRAKELIJKHEID<\/h4>\n<p>4.1 De organisatie sluit iedere aansprakelijkheid van Stal Brouwer Auctions in verband met en voortvloeiende uit de veiling en deze veilingvoorwaarden uit, tenzij er sprake is van opzet en\/of roekeloosheid van Stal Brouwer Auctions.<\/p>\n<p>4.2 De organisatie sluit elke aansprakelijkheid uit met betrekking tot de gezondheidstoestand en\/of eventuele stalgebreken van de paarden.<\/p>\n<p>4.3 De organisatie is niet aansprakelijk wanneer een in de veilingcatalogus vermeld paard uiteindelijk niet ter veiling wordt aangeboden.<\/p>\n<p>4.4 De organisatie is niet aansprakelijk voor enig ongeval of enige vorm van schade iemand overkomen in of nabij de terreinen of gebouwen waar gelegenheid is tot bezichtiging, waar de veiling plaats heeft of waar de verkochte paarden worden afgehaald. Het betreden van deze terreinen en gebouwen geschiedt voor een ieder op eigen risico.<\/p>\n<h5>5. VEILINGKOSTEN<\/h5>\n<p>5.1 De veilingkosten voor de koper bedragen 10 % van de verkoopsom.<\/p>\n<p>5.2 De inschrijfkosten voor de verkoper bedragen een vast bedrag van \u20ac 750,- per paard en bij verkoop van het paard nog eens een vast bedrag aan veilingkosten van \u20ac 750,-.<\/p>\n<p>5.3 Verkoper is verplicht een paard daadwerkelijk te laten veilen. Schendt hij deze verplichting, dan verbeurt hij aan de organisatie een terstond opeisbare &#8211; en niet voor matiging vatbare &#8211; boete van \u20ac 1.500,-, tenzij er sprake is van overmacht zoals bepaald in artikel 5.4<\/p>\n<p>5.4 Onder overmacht worden alleen de navolgende omstandigheden verstaan:<br \/>\na. overlijden van het paard<br \/>\nb. veterinaire redenen die naar het uitsluitend oordeel van een daartoe door de organisatie aangewezen dierenarts er toe leiden dat het paard niet kan worden geveild.<br \/>\nc. andere omstandigheden die uitsluitend naar het oordeel van de organisatie een beroep op overmacht rechtvaardigen.<\/p>\n<h4>6. BETALING EN OMZETBELASTING<\/h4>\n<p>6.1 Na de koop van een paard dient de koper de veilingkosten \u00e0 10 % van de koopsom, contant of via een pinbetaling op het secretariaat te voldoen. De koper dient de koopsom (indien van toepassing, inclusief BTW) rechtstreeks, zonder tussenkomst van de organisatie, te voldoen aan de verkoper. Contactgegevens van de verkoper zijn op te halen bij het secretariaat.<\/p>\n<p>6.2 Inzake de aankoop van het paard is koper geen BTW verschuldigd, tenzij bij de omschrijving van het paard in de catalogus staat vermeld dat de BTW-regeling van toepassing is, in welk geval koper inzake aankoop van het paard wel BTW verschuldigd is. Bij paarden die worden geveild met toepassing van de BTW-regeling, is de door de veilingmeester afgeslagen verkoopprijs automatisch exclusief 21% BTW.<\/p>\n<h4>7. AFGIFTE, RISICO- EN EIGENDOMSOVERDRACHT<\/h4>\n<p>7.1. Na de overdracht van het paard gaat het risico met betrekking tot het gekochte paard over op de koper en zijn alle verantwoordelijkheden en aansprakelijkheden, alsmede alle risicofactoren, overgedragen aan de betreffende koper. De koper zal de organisatie en verkoper vrijwaren voor alle aanspraken van derden ter zake.<\/p>\n<p>7.2 Het door de verkoper voorafgaand aan de paardenveiling aan de organisatie afgegeven registratiebewijs van het paard blijft in het bezit van de organisatie totdat koper en verkoper ten genoegen van de organisatie aan hun financi\u00eble verplichtingen jegens de organisatie hebben voldaan en zolang het paard niet feitelijk is geleverd aan de koper.<\/p>\n<p>7.3 De verkoper is verantwoordelijk voor de aflevering van het paard binnen de landsgrenzen, mits onderling anders overeengekomen. Bij verkoop naar het buitenland zijn de eventuele bijkomende export-kosten voor rekening van de koper.<\/p>\n<h4>8. TEKORTKOMINGEN (waaronder stalondeugden)<\/h4>\n<p>8.1 Indien een koper van oordeel is dat het gekochte paard na feitelijke levering niet aan de overeenkomst beantwoordt, kan de koper hierop geen beroep meer doen indien hij niet binnen twee weken na ontdekking de verkoper (met een kopie aan de veilingcommissie) daarvan in kennis heeft gesteld per aangetekende brief.<\/p>\n<p>8.2 Verkoper staat ervoor in dat het door de koper gekochte paard, tenzij voorafgaand aan de verkoop meegedeeld, niet lijdt aan de stalgebreken luchtzuigen, systematisch weven of kribbebijten. Indien dit wordt geconstateerd dient de koper dit direct aan de organisatie te melden en aan de koper binnen een periode van 2x 24 uur na feitelijke aflevering aan de koper.<\/p>\n<p>8.3 Indien een dierenarts, geregistreerd als keuringsdierenarts voor paarden of paardendierenarts, schriftelijk meedeelt dat \u00e9\u00e9n van de in artikel 8.2 genoemde stalgebreken naar zijn deskundig oordeel bestond v\u00f3\u00f3r de datum feitelijke aflevering, heeft de koper het recht de koopovereenkomst te ontbinden met alle daaraan verbonden gevolgen.<\/p>\n<h4>9. GESCHILLEN<\/h4>\n<p>De rechtsverhoudingen tussen de organisatie en de bieder\/koper worden uitsluitend beheerst door Nederlands recht, met complete uitsluiting van het Weens Koopverdrag (CISG).[\/vc_column_text][\/vc_column][\/vc_row]\n<\/div>","protected":false},"excerpt":{"rendered":"<p>[vc_row padding_top_multiplier=&#8221;2x&#8221; padding_bottom_multiplier=&#8221;&#8221; columns_gap=&#8221;60&#8243;][vc_column][vc_column_text] 1. ALGEMEEN 1.1 Deze veilingvoorwaarden zijn van toepassing op alle overeenkomsten gesloten op de veiling tussen koper en verkoper met betrekking tot via de organisatie op de veiling aangeboden paarden, alsmede alle overeenkomsten die daaruit voortvloeien. 1.2 Stal Brouwer Auctions (hierna te noemen \u201cde organisatie\u201d) organiseert in haar functie als bemiddelaar [&hellip;]<\/p>\n","protected":false},"author":1,"featured_media":0,"parent":0,"menu_order":0,"comment_status":"closed","ping_status":"closed","template":"","meta":{"footnotes":""},"class_list":["post-2675","page","type-page","status-publish","hentry"],"acf":[],"yoast_head":"<!-- This site is optimized with the Yoast SEO Premium plugin v26.7 (Yoast SEO v26.9) - https:\/\/yoast.com\/product\/yoast-seo-premium-wordpress\/ -->\n<title>Youngster Christmas Auction Conditions (Dutch) - Stal Brouwer Auctions<\/title>\n<meta name=\"robots\" content=\"index, follow, max-snippet:-1, max-image-preview:large, max-video-preview:-1\" \/>\n<link rel=\"canonical\" href=\"https:\/\/stalbrouwerauctions.com\/en\/youngster-christmas-auction-conditions-dutch\/\" \/>\n<meta property=\"og:locale\" content=\"en_US\" \/>\n<meta property=\"og:type\" content=\"article\" \/>\n<meta property=\"og:title\" content=\"Youngster Christmas Auction Conditions (Dutch)\" \/>\n<meta property=\"og:description\" content=\"[vc_row padding_top_multiplier=&#8221;2x&#8221; padding_bottom_multiplier=&#8221;&#8221; columns_gap=&#8221;60&#8243;][vc_column][vc_column_text] 1. ALGEMEEN 1.1 Deze veilingvoorwaarden zijn van toepassing op alle overeenkomsten gesloten op de veiling tussen koper en verkoper met betrekking tot via de organisatie op de veiling aangeboden paarden, alsmede alle overeenkomsten die daaruit voortvloeien. 1.2 Stal Brouwer Auctions (hierna te noemen \u201cde organisatie\u201d) organiseert in haar functie als bemiddelaar [&hellip;]\" \/>\n<meta property=\"og:url\" content=\"https:\/\/stalbrouwerauctions.com\/en\/youngster-christmas-auction-conditions-dutch\/\" \/>\n<meta property=\"og:site_name\" content=\"Stal Brouwer Auctions\" \/>\n<meta property=\"article:publisher\" content=\"https:\/\/www.facebook.com\/stalbrouwerauction\/\" \/>\n<meta property=\"article:modified_time\" content=\"2020-02-24T10:57:59+00:00\" \/>\n<meta property=\"og:image\" content=\"https:\/\/stalbrouwerauctions.com\/wp-content\/uploads\/2019\/07\/Stal-Brouwer_Thumb_2019.jpg\" \/>\n\t<meta property=\"og:image:width\" content=\"1200\" \/>\n\t<meta property=\"og:image:height\" content=\"630\" \/>\n\t<meta property=\"og:image:type\" content=\"image\/jpeg\" \/>\n<meta name=\"twitter:card\" content=\"summary_large_image\" \/>\n<meta name=\"twitter:label1\" content=\"Est. reading time\" \/>\n\t<meta name=\"twitter:data1\" content=\"7 minutes\" \/>\n<script type=\"application\/ld+json\" class=\"yoast-schema-graph\">{\"@context\":\"https:\/\/schema.org\",\"@graph\":[{\"@type\":\"WebPage\",\"@id\":\"https:\/\/stalbrouwerauctions.com\/en\/youngster-christmas-auction-conditions-dutch\/\",\"url\":\"https:\/\/stalbrouwerauctions.com\/en\/youngster-christmas-auction-conditions-dutch\/\",\"name\":\"Youngster Christmas Auction Conditions (Dutch) - Stal Brouwer Auctions\",\"isPartOf\":{\"@id\":\"https:\/\/stalbrouwerauctions.com\/en\/#website\"},\"datePublished\":\"2020-02-24T10:57:58+00:00\",\"dateModified\":\"2020-02-24T10:57:59+00:00\",\"breadcrumb\":{\"@id\":\"https:\/\/stalbrouwerauctions.com\/en\/youngster-christmas-auction-conditions-dutch\/#breadcrumb\"},\"inLanguage\":\"en-US\",\"potentialAction\":[{\"@type\":\"ReadAction\",\"target\":[\"https:\/\/stalbrouwerauctions.com\/en\/youngster-christmas-auction-conditions-dutch\/\"]}]},{\"@type\":\"BreadcrumbList\",\"@id\":\"https:\/\/stalbrouwerauctions.com\/en\/youngster-christmas-auction-conditions-dutch\/#breadcrumb\",\"itemListElement\":[{\"@type\":\"ListItem\",\"position\":1,\"name\":\"Home\",\"item\":\"https:\/\/stalbrouwerauctions.com\/en\/\"},{\"@type\":\"ListItem\",\"position\":2,\"name\":\"Youngster Christmas Auction Conditions (Dutch)\"}]},{\"@type\":\"WebSite\",\"@id\":\"https:\/\/stalbrouwerauctions.com\/en\/#website\",\"url\":\"https:\/\/stalbrouwerauctions.com\/en\/\",\"name\":\"Stal Brouwer Auctions\",\"description\":\"Foal auctions Ermelo , Exloo , Schijndel , Tolbert\",\"publisher\":{\"@id\":\"https:\/\/stalbrouwerauctions.com\/en\/#organization\"},\"potentialAction\":[{\"@type\":\"SearchAction\",\"target\":{\"@type\":\"EntryPoint\",\"urlTemplate\":\"https:\/\/stalbrouwerauctions.com\/en\/?s={search_term_string}\"},\"query-input\":{\"@type\":\"PropertyValueSpecification\",\"valueRequired\":true,\"valueName\":\"search_term_string\"}}],\"inLanguage\":\"en-US\"},{\"@type\":\"Organization\",\"@id\":\"https:\/\/stalbrouwerauctions.com\/en\/#organization\",\"name\":\"Stal Brouwer Auctions\",\"url\":\"https:\/\/stalbrouwerauctions.com\/en\/\",\"logo\":{\"@type\":\"ImageObject\",\"inLanguage\":\"en-US\",\"@id\":\"https:\/\/stalbrouwerauctions.com\/en\/#\/schema\/logo\/image\/\",\"url\":\"https:\/\/stalbrouwerauctions.com\/wp-content\/uploads\/2019\/07\/logo-stal-brouwer-auctions-2019_blauw-goud.png\",\"contentUrl\":\"https:\/\/stalbrouwerauctions.com\/wp-content\/uploads\/2019\/07\/logo-stal-brouwer-auctions-2019_blauw-goud.png\",\"width\":1080,\"height\":1080,\"caption\":\"Stal Brouwer Auctions\"},\"image\":{\"@id\":\"https:\/\/stalbrouwerauctions.com\/en\/#\/schema\/logo\/image\/\"},\"sameAs\":[\"https:\/\/www.facebook.com\/stalbrouwerauction\/\",\"https:\/\/www.instagram.com\/stalbrouwerhorses\/\",\"https:\/\/www.youtube.com\/user\/stalbrouwer120\"]}]}<\/script>\n<!-- \/ Yoast SEO Premium plugin. -->","yoast_head_json":{"title":"Youngster Christmas Auction Conditions (Dutch) - Stal Brouwer Auctions","robots":{"index":"index","follow":"follow","max-snippet":"max-snippet:-1","max-image-preview":"max-image-preview:large","max-video-preview":"max-video-preview:-1"},"canonical":"https:\/\/stalbrouwerauctions.com\/en\/youngster-christmas-auction-conditions-dutch\/","og_locale":"en_US","og_type":"article","og_title":"Youngster Christmas Auction Conditions (Dutch)","og_description":"[vc_row padding_top_multiplier=&#8221;2x&#8221; padding_bottom_multiplier=&#8221;&#8221; columns_gap=&#8221;60&#8243;][vc_column][vc_column_text] 1. ALGEMEEN 1.1 Deze veilingvoorwaarden zijn van toepassing op alle overeenkomsten gesloten op de veiling tussen koper en verkoper met betrekking tot via de organisatie op de veiling aangeboden paarden, alsmede alle overeenkomsten die daaruit voortvloeien. 1.2 Stal Brouwer Auctions (hierna te noemen \u201cde organisatie\u201d) organiseert in haar functie als bemiddelaar [&hellip;]","og_url":"https:\/\/stalbrouwerauctions.com\/en\/youngster-christmas-auction-conditions-dutch\/","og_site_name":"Stal Brouwer Auctions","article_publisher":"https:\/\/www.facebook.com\/stalbrouwerauction\/","article_modified_time":"2020-02-24T10:57:59+00:00","og_image":[{"width":1200,"height":630,"url":"https:\/\/stalbrouwerauctions.com\/wp-content\/uploads\/2019\/07\/Stal-Brouwer_Thumb_2019.jpg","type":"image\/jpeg"}],"twitter_card":"summary_large_image","twitter_misc":{"Est. reading time":"7 minutes"},"schema":{"@context":"https:\/\/schema.org","@graph":[{"@type":"WebPage","@id":"https:\/\/stalbrouwerauctions.com\/en\/youngster-christmas-auction-conditions-dutch\/","url":"https:\/\/stalbrouwerauctions.com\/en\/youngster-christmas-auction-conditions-dutch\/","name":"Youngster Christmas Auction Conditions (Dutch) - Stal Brouwer Auctions","isPartOf":{"@id":"https:\/\/stalbrouwerauctions.com\/en\/#website"},"datePublished":"2020-02-24T10:57:58+00:00","dateModified":"2020-02-24T10:57:59+00:00","breadcrumb":{"@id":"https:\/\/stalbrouwerauctions.com\/en\/youngster-christmas-auction-conditions-dutch\/#breadcrumb"},"inLanguage":"en-US","potentialAction":[{"@type":"ReadAction","target":["https:\/\/stalbrouwerauctions.com\/en\/youngster-christmas-auction-conditions-dutch\/"]}]},{"@type":"BreadcrumbList","@id":"https:\/\/stalbrouwerauctions.com\/en\/youngster-christmas-auction-conditions-dutch\/#breadcrumb","itemListElement":[{"@type":"ListItem","position":1,"name":"Home","item":"https:\/\/stalbrouwerauctions.com\/en\/"},{"@type":"ListItem","position":2,"name":"Youngster Christmas Auction Conditions (Dutch)"}]},{"@type":"WebSite","@id":"https:\/\/stalbrouwerauctions.com\/en\/#website","url":"https:\/\/stalbrouwerauctions.com\/en\/","name":"Stal Brouwer Auctions","description":"Foal auctions Ermelo , Exloo , Schijndel , Tolbert","publisher":{"@id":"https:\/\/stalbrouwerauctions.com\/en\/#organization"},"potentialAction":[{"@type":"SearchAction","target":{"@type":"EntryPoint","urlTemplate":"https:\/\/stalbrouwerauctions.com\/en\/?s={search_term_string}"},"query-input":{"@type":"PropertyValueSpecification","valueRequired":true,"valueName":"search_term_string"}}],"inLanguage":"en-US"},{"@type":"Organization","@id":"https:\/\/stalbrouwerauctions.com\/en\/#organization","name":"Stal Brouwer Auctions","url":"https:\/\/stalbrouwerauctions.com\/en\/","logo":{"@type":"ImageObject","inLanguage":"en-US","@id":"https:\/\/stalbrouwerauctions.com\/en\/#\/schema\/logo\/image\/","url":"https:\/\/stalbrouwerauctions.com\/wp-content\/uploads\/2019\/07\/logo-stal-brouwer-auctions-2019_blauw-goud.png","contentUrl":"https:\/\/stalbrouwerauctions.com\/wp-content\/uploads\/2019\/07\/logo-stal-brouwer-auctions-2019_blauw-goud.png","width":1080,"height":1080,"caption":"Stal Brouwer Auctions"},"image":{"@id":"https:\/\/stalbrouwerauctions.com\/en\/#\/schema\/logo\/image\/"},"sameAs":["https:\/\/www.facebook.com\/stalbrouwerauction\/","https:\/\/www.instagram.com\/stalbrouwerhorses\/","https:\/\/www.youtube.com\/user\/stalbrouwer120"]}]}},"_links":{"self":[{"href":"https:\/\/stalbrouwerauctions.com\/en\/wp-json\/wp\/v2\/pages\/2675","targetHints":{"allow":["GET"]}}],"collection":[{"href":"https:\/\/stalbrouwerauctions.com\/en\/wp-json\/wp\/v2\/pages"}],"about":[{"href":"https:\/\/stalbrouwerauctions.com\/en\/wp-json\/wp\/v2\/types\/page"}],"author":[{"embeddable":true,"href":"https:\/\/stalbrouwerauctions.com\/en\/wp-json\/wp\/v2\/users\/1"}],"replies":[{"embeddable":true,"href":"https:\/\/stalbrouwerauctions.com\/en\/wp-json\/wp\/v2\/comments?post=2675"}],"version-history":[{"count":1,"href":"https:\/\/stalbrouwerauctions.com\/en\/wp-json\/wp\/v2\/pages\/2675\/revisions"}],"predecessor-version":[{"id":2676,"href":"https:\/\/stalbrouwerauctions.com\/en\/wp-json\/wp\/v2\/pages\/2675\/revisions\/2676"}],"wp:attachment":[{"href":"https:\/\/stalbrouwerauctions.com\/en\/wp-json\/wp\/v2\/media?parent=2675"}],"curies":[{"name":"wp","href":"https:\/\/api.w.org\/{rel}","templated":true}]}}